{"id":106,"date":"2021-09-21T10:10:49","date_gmt":"2021-09-21T08:10:49","guid":{"rendered":"https:\/\/develop.mst-group.eu\/?page_id=106"},"modified":"2022-03-09T10:18:22","modified_gmt":"2022-03-09T09:18:22","slug":"unternehmen","status":"publish","type":"page","link":"https:\/\/www.mst-group.eu\/en\/unternehmen\/","title":{"rendered":"Company"},"content":{"rendered":"","protected":false},"excerpt":{"rendered":"","protected":false},"author":1,"featured_media":0,"parent":0,"menu_order":0,"comment_status":"closed","ping_status":"closed","template":"","meta":{"inline_featured_image":false,"footnotes":""},"class_list":["post-106","page","type-page","status-publish","hentry"],"acf":[],"yoast_head":"<!-- This site is optimized with the Yoast SEO plugin v27.5 - https:\/\/yoast.com\/product\/yoast-seo-wordpress\/ -->\n<title>Unternehmen - mst group<\/title>\n<meta name=\"description\" content=\"Die mst group GmbH ist ein mittelst\u00e4ndischer Weiterbildungsdienstleister mit Hauptsitz in M\u00fcnchen. Unser Leistungsportfolio umfasst Business Services f\u00fcr Training, Learning, Produktion und Digitalisierung.\" \/>\n<meta name=\"robots\" content=\"index, follow, max-snippet:-1, max-image-preview:large, max-video-preview:-1\" \/>\n<link rel=\"canonical\" href=\"https:\/\/www.mst-group.eu\/en\/unternehmen\/\" \/>\n<meta property=\"og:locale\" content=\"en_GB\" \/>\n<meta property=\"og:type\" content=\"article\" \/>\n<meta property=\"og:title\" content=\"Unternehmen - mst group\" \/>\n<meta property=\"og:description\" content=\"Die mst group GmbH ist ein mittelst\u00e4ndischer Weiterbildungsdienstleister mit Hauptsitz in M\u00fcnchen. Unser Leistungsportfolio umfasst Business Services f\u00fcr Training, Learning, Produktion und Digitalisierung.\" \/>\n<meta property=\"og:url\" content=\"https:\/\/www.mst-group.eu\/en\/unternehmen\/\" \/>\n<meta property=\"og:site_name\" content=\"mst group\" \/>\n<meta property=\"article:modified_time\" content=\"2022-03-09T09:18:22+00:00\" \/>\n<meta name=\"twitter:card\" content=\"summary_large_image\" \/>\n<script type=\"application\/ld+json\" class=\"yoast-schema-graph\">{\"@context\":\"https:\\\/\\\/schema.org\",\"@graph\":[{\"@type\":\"WebPage\",\"@id\":\"https:\\\/\\\/www.mst-group.eu\\\/unternehmen\\\/\",\"url\":\"https:\\\/\\\/www.mst-group.eu\\\/unternehmen\\\/\",\"name\":\"Unternehmen - mst group\",\"isPartOf\":{\"@id\":\"https:\\\/\\\/www.mst-group.eu\\\/#website\"},\"datePublished\":\"2021-09-21T08:10:49+00:00\",\"dateModified\":\"2022-03-09T09:18:22+00:00\",\"description\":\"Die mst group GmbH ist ein mittelst\u00e4ndischer Weiterbildungsdienstleister mit Hauptsitz in M\u00fcnchen. Unser Leistungsportfolio umfasst Business Services f\u00fcr Training, Learning, Produktion und Digitalisierung.\",\"breadcrumb\":{\"@id\":\"https:\\\/\\\/www.mst-group.eu\\\/unternehmen\\\/#breadcrumb\"},\"inLanguage\":\"en-GB\",\"potentialAction\":[{\"@type\":\"ReadAction\",\"target\":[\"https:\\\/\\\/www.mst-group.eu\\\/unternehmen\\\/\"]}]},{\"@type\":\"BreadcrumbList\",\"@id\":\"https:\\\/\\\/www.mst-group.eu\\\/unternehmen\\\/#breadcrumb\",\"itemListElement\":[{\"@type\":\"ListItem\",\"position\":1,\"name\":\"Startseite\",\"item\":\"https:\\\/\\\/www.mst-group.eu\\\/\"},{\"@type\":\"ListItem\",\"position\":2,\"name\":\"Unternehmen\"}]},{\"@type\":\"WebSite\",\"@id\":\"https:\\\/\\\/www.mst-group.eu\\\/#website\",\"url\":\"https:\\\/\\\/www.mst-group.eu\\\/\",\"name\":\"mst group\",\"description\":\"Ihre Agentur  f\u00fcr Weiterbildung. Wir koordinieren und  konzipieren Ihre Trainings,  Seminare und eLearnings.\",\"publisher\":{\"@id\":\"https:\\\/\\\/www.mst-group.eu\\\/#organization\"},\"potentialAction\":[{\"@type\":\"SearchAction\",\"target\":{\"@type\":\"EntryPoint\",\"urlTemplate\":\"https:\\\/\\\/www.mst-group.eu\\\/?s={search_term_string}\"},\"query-input\":{\"@type\":\"PropertyValueSpecification\",\"valueRequired\":true,\"valueName\":\"search_term_string\"}}],\"inLanguage\":\"en-GB\"},{\"@type\":\"Organization\",\"@id\":\"https:\\\/\\\/www.mst-group.eu\\\/#organization\",\"name\":\"mst group\",\"url\":\"https:\\\/\\\/www.mst-group.eu\\\/\",\"logo\":{\"@type\":\"ImageObject\",\"inLanguage\":\"en-GB\",\"@id\":\"https:\\\/\\\/www.mst-group.eu\\\/#\\\/schema\\\/logo\\\/image\\\/\",\"url\":\"https:\\\/\\\/www.mst-group.eu\\\/wp-content\\\/uploads\\\/2021\\\/10\\\/mst-logo-big.png\",\"contentUrl\":\"https:\\\/\\\/www.mst-group.eu\\\/wp-content\\\/uploads\\\/2021\\\/10\\\/mst-logo-big.png\",\"width\":1200,\"height\":425,\"caption\":\"mst group\"},\"image\":{\"@id\":\"https:\\\/\\\/www.mst-group.eu\\\/#\\\/schema\\\/logo\\\/image\\\/\"},\"sameAs\":[\"https:\\\/\\\/www.linkedin.com\\\/company\\\/mst-group-gmbh\\\/\"]}]}<\/script>\n<!-- \/ Yoast SEO plugin. -->","yoast_head_json":{"title":"Unternehmen - mst group","description":"Die mst group GmbH ist ein mittelst\u00e4ndischer Weiterbildungsdienstleister mit Hauptsitz in M\u00fcnchen. Unser Leistungsportfolio umfasst Business Services f\u00fcr Training, Learning, Produktion und Digitalisierung.","robots":{"index":"index","follow":"follow","max-snippet":"max-snippet:-1","max-image-preview":"max-image-preview:large","max-video-preview":"max-video-preview:-1"},"canonical":"https:\/\/www.mst-group.eu\/en\/unternehmen\/","og_locale":"en_GB","og_type":"article","og_title":"Unternehmen - mst group","og_description":"Die mst group GmbH ist ein mittelst\u00e4ndischer Weiterbildungsdienstleister mit Hauptsitz in M\u00fcnchen. Unser Leistungsportfolio umfasst Business Services f\u00fcr Training, Learning, Produktion und Digitalisierung.","og_url":"https:\/\/www.mst-group.eu\/en\/unternehmen\/","og_site_name":"mst group","article_modified_time":"2022-03-09T09:18:22+00:00","twitter_card":"summary_large_image","schema":{"@context":"https:\/\/schema.org","@graph":[{"@type":"WebPage","@id":"https:\/\/www.mst-group.eu\/unternehmen\/","url":"https:\/\/www.mst-group.eu\/unternehmen\/","name":"Unternehmen - mst group","isPartOf":{"@id":"https:\/\/www.mst-group.eu\/#website"},"datePublished":"2021-09-21T08:10:49+00:00","dateModified":"2022-03-09T09:18:22+00:00","description":"Die mst group GmbH ist ein mittelst\u00e4ndischer Weiterbildungsdienstleister mit Hauptsitz in M\u00fcnchen. Unser Leistungsportfolio umfasst Business Services f\u00fcr Training, Learning, Produktion und Digitalisierung.","breadcrumb":{"@id":"https:\/\/www.mst-group.eu\/unternehmen\/#breadcrumb"},"inLanguage":"en-GB","potentialAction":[{"@type":"ReadAction","target":["https:\/\/www.mst-group.eu\/unternehmen\/"]}]},{"@type":"BreadcrumbList","@id":"https:\/\/www.mst-group.eu\/unternehmen\/#breadcrumb","itemListElement":[{"@type":"ListItem","position":1,"name":"Startseite","item":"https:\/\/www.mst-group.eu\/"},{"@type":"ListItem","position":2,"name":"Unternehmen"}]},{"@type":"WebSite","@id":"https:\/\/www.mst-group.eu\/#website","url":"https:\/\/www.mst-group.eu\/","name":"mst group","description":"Ihre Agentur  f\u00fcr Weiterbildung. Wir koordinieren und  konzipieren Ihre Trainings,  Seminare und eLearnings.","publisher":{"@id":"https:\/\/www.mst-group.eu\/#organization"},"potentialAction":[{"@type":"SearchAction","target":{"@type":"EntryPoint","urlTemplate":"https:\/\/www.mst-group.eu\/?s={search_term_string}"},"query-input":{"@type":"PropertyValueSpecification","valueRequired":true,"valueName":"search_term_string"}}],"inLanguage":"en-GB"},{"@type":"Organization","@id":"https:\/\/www.mst-group.eu\/#organization","name":"mst group","url":"https:\/\/www.mst-group.eu\/","logo":{"@type":"ImageObject","inLanguage":"en-GB","@id":"https:\/\/www.mst-group.eu\/#\/schema\/logo\/image\/","url":"https:\/\/www.mst-group.eu\/wp-content\/uploads\/2021\/10\/mst-logo-big.png","contentUrl":"https:\/\/www.mst-group.eu\/wp-content\/uploads\/2021\/10\/mst-logo-big.png","width":1200,"height":425,"caption":"mst group"},"image":{"@id":"https:\/\/www.mst-group.eu\/#\/schema\/logo\/image\/"},"sameAs":["https:\/\/www.linkedin.com\/company\/mst-group-gmbh\/"]}]}},"_links":{"self":[{"href":"https:\/\/www.mst-group.eu\/en\/wp-json\/wp\/v2\/pages\/106","targetHints":{"allow":["GET"]}}],"collection":[{"href":"https:\/\/www.mst-group.eu\/en\/wp-json\/wp\/v2\/pages"}],"about":[{"href":"https:\/\/www.mst-group.eu\/en\/wp-json\/wp\/v2\/types\/page"}],"author":[{"embeddable":true,"href":"https:\/\/www.mst-group.eu\/en\/wp-json\/wp\/v2\/users\/1"}],"replies":[{"embeddable":true,"href":"https:\/\/www.mst-group.eu\/en\/wp-json\/wp\/v2\/comments?post=106"}],"version-history":[{"count":1,"href":"https:\/\/www.mst-group.eu\/en\/wp-json\/wp\/v2\/pages\/106\/revisions"}],"predecessor-version":[{"id":107,"href":"https:\/\/www.mst-group.eu\/en\/wp-json\/wp\/v2\/pages\/106\/revisions\/107"}],"wp:attachment":[{"href":"https:\/\/www.mst-group.eu\/en\/wp-json\/wp\/v2\/media?parent=106"}],"curies":[{"name":"wp","href":"https:\/\/api.w.org\/{rel}","templated":true}]}}