{"id":164,"date":"2021-09-24T17:35:25","date_gmt":"2021-09-24T15:35:25","guid":{"rendered":"https:\/\/develop.mst-group.eu\/?page_id=164"},"modified":"2026-03-07T20:18:06","modified_gmt":"2026-03-07T19:18:06","slug":"impressum","status":"publish","type":"page","link":"https:\/\/www.mst-group.eu\/en\/impressum\/","title":{"rendered":"Legal notice"},"content":{"rendered":"<h3 class=\"wp-block-heading\">mst group GmbH<\/h3>\n\n\n\n<p>Am M\u00fcnchfeld 59<br>80999 M\u00fcnchen<br><br>Fon +49 (89) 550 514-50<br>Fax +49 (89) 550 514-40<br><br>E-Mail:&nbsp;<a href=\"mailto:\">info@mst-group.eu<\/a><\/p>\n\n\n\n<h3 class=\"wp-block-heading\">Gesch\u00e4ftszeiten<\/h3>\n\n\n\n<p>9.00 Uhr - 17.00 Uhr<\/p>\n\n\n\n<h3 class=\"wp-block-heading\">Managing Director<\/h3>\n\n\n\n<p>Lena Jentsch, Devenderjit Chadha, Sailesh Lalla<\/p>\n\n\n\n<h3 class=\"wp-block-heading\">Ust-IDNr.<\/h3>\n\n\n\n<p>DE 264 700 476<\/p>\n\n\n\n<h3 class=\"wp-block-heading\">Steuernummer<\/h3>\n\n\n\n<p>St.-Nr.: 143\/164\/60772 - Finanzamt M\u00fcnchen<\/p>\n\n\n\n<h3 class=\"wp-block-heading\">Handelsregistereintrag<\/h3>\n\n\n\n<p>Registergericht M\u00fcnchen HRB 178978<\/p>\n\n\n\n<h3 class=\"wp-block-heading\">Verantwortlich f\u00fcr die Inhalte<\/h3>\n\n\n\n<p>Lena Jentsch<\/p>\n\n\n\n<h3 class=\"wp-block-heading\">Data Protection Officer<\/h3>\n\n\n\n<p><strong>Sebastian Kraska<\/strong><br>Fon: +49-89-189 1736 - 0<br><a>privacy@mst-group.eu<\/a><\/p>\n\n\n\n<h3 class=\"wp-block-heading\">Haftungshinweis<\/h3>\n\n\n\n<p>Trotz sorgf\u00e4ltiger inhaltlicher Kontrolle \u00fcbernehmen wir keine Haftung f\u00fcr die Inhalte externer Links. F\u00fcr den Inhalt der verlinkten Seiten sind ausschlie\u00dflich deren Betreiber verantwortlich.<\/p>\n\n\n\n<h3 class=\"wp-block-heading\">Inhalt des Online-Angebots<\/h3>\n\n\n\n<p>Der Autor \u00fcbernimmt keinerlei Gew\u00e4hr f\u00fcr die Aktualit\u00e4t, Korrektheit, Vollst\u00e4ndigkeit oder Qualit\u00e4t der bereitgestellten Informationen. Haftungsanspr\u00fcche gegen den Autor, welche sich auf Sch\u00e4den materieller oder ideeller Art beziehen, die durch die Nutzung oder Nichtnutzung der dargebotenen Informationen bzw. durch die Nutzung fehlerhafter und unvollst\u00e4ndiger Informationen verursacht wurden, sind grunds\u00e4tzlich ausgeschlossen, sofern seitens des Autors kein nachweislich vors\u00e4tzliches oder grob fahrl\u00e4ssiges Verschulden vorliegt.<\/p>","protected":false},"excerpt":{"rendered":"<p>mst group GmbH Am M\u00fcnchfeld 5980999 M\u00fcnchen Fon +49 (89) 550 514-50Fax +49 (89) 550 514-40 E-Mail:&nbsp;info@mst-group.eu Gesch\u00e4ftszeiten 9.00 Uhr - 17.00 Uhr Gesch\u00e4ftsf\u00fchrung Lena Jentsch, Devenderjit Chadha, Sailesh Lalla Ust-IDNr. DE 264 700 476 Steuernummer St.-Nr.: 143\/164\/60772 - Finanzamt M\u00fcnchen Handelsregistereintrag Registergericht M\u00fcnchen HRB 178978 Verantwortlich f\u00fcr die Inhalte Lena Jentsch Datenschutzbeauftragter Sebastian KraskaFon: [&hellip;]<\/p>","protected":false},"author":1,"featured_media":0,"parent":0,"menu_order":0,"comment_status":"closed","ping_status":"closed","template":"","meta":{"inline_featured_image":false,"footnotes":""},"class_list":["post-164","page","type-page","status-publish","hentry"],"acf":[],"yoast_head":"<!-- This site is optimized with the Yoast SEO plugin v27.5 - https:\/\/yoast.com\/product\/yoast-seo-wordpress\/ -->\n<title>Impressum - mst group<\/title>\n<meta name=\"robots\" content=\"index, follow, max-snippet:-1, max-image-preview:large, max-video-preview:-1\" \/>\n<link rel=\"canonical\" href=\"https:\/\/www.mst-group.eu\/en\/impressum\/\" \/>\n<meta property=\"og:locale\" content=\"en_GB\" \/>\n<meta property=\"og:type\" content=\"article\" \/>\n<meta property=\"og:title\" content=\"Impressum - mst group\" \/>\n<meta property=\"og:description\" content=\"mst group GmbH Am M\u00fcnchfeld 5980999 M\u00fcnchen Fon +49 (89) 550 514-50Fax +49 (89) 550 514-40 E-Mail:&nbsp;info@mst-group.eu Gesch\u00e4ftszeiten 9.00 Uhr - 17.00 Uhr Gesch\u00e4ftsf\u00fchrung Lena Jentsch, Devenderjit Chadha, Sailesh Lalla Ust-IDNr. DE 264 700 476 Steuernummer St.-Nr.: 143\/164\/60772 - Finanzamt M\u00fcnchen Handelsregistereintrag Registergericht M\u00fcnchen HRB 178978 Verantwortlich f\u00fcr die Inhalte Lena Jentsch Datenschutzbeauftragter Sebastian KraskaFon: [&hellip;]\" \/>\n<meta property=\"og:url\" content=\"https:\/\/www.mst-group.eu\/en\/impressum\/\" \/>\n<meta property=\"og:site_name\" content=\"mst group\" \/>\n<meta property=\"article:modified_time\" content=\"2026-03-07T19:18:06+00:00\" \/>\n<meta name=\"twitter:card\" content=\"summary_large_image\" \/>\n<script type=\"application\/ld+json\" class=\"yoast-schema-graph\">{\"@context\":\"https:\\\/\\\/schema.org\",\"@graph\":[{\"@type\":\"WebPage\",\"@id\":\"https:\\\/\\\/www.mst-group.eu\\\/impressum\\\/\",\"url\":\"https:\\\/\\\/www.mst-group.eu\\\/impressum\\\/\",\"name\":\"Impressum - mst group\",\"isPartOf\":{\"@id\":\"https:\\\/\\\/www.mst-group.eu\\\/#website\"},\"datePublished\":\"2021-09-24T15:35:25+00:00\",\"dateModified\":\"2026-03-07T19:18:06+00:00\",\"breadcrumb\":{\"@id\":\"https:\\\/\\\/www.mst-group.eu\\\/impressum\\\/#breadcrumb\"},\"inLanguage\":\"en-GB\",\"potentialAction\":[{\"@type\":\"ReadAction\",\"target\":[\"https:\\\/\\\/www.mst-group.eu\\\/impressum\\\/\"]}]},{\"@type\":\"BreadcrumbList\",\"@id\":\"https:\\\/\\\/www.mst-group.eu\\\/impressum\\\/#breadcrumb\",\"itemListElement\":[{\"@type\":\"ListItem\",\"position\":1,\"name\":\"Startseite\",\"item\":\"https:\\\/\\\/www.mst-group.eu\\\/\"},{\"@type\":\"ListItem\",\"position\":2,\"name\":\"Impressum\"}]},{\"@type\":\"WebSite\",\"@id\":\"https:\\\/\\\/www.mst-group.eu\\\/#website\",\"url\":\"https:\\\/\\\/www.mst-group.eu\\\/\",\"name\":\"mst group\",\"description\":\"Ihre Agentur  f\u00fcr Weiterbildung. Wir koordinieren und  konzipieren Ihre Trainings,  Seminare und eLearnings.\",\"publisher\":{\"@id\":\"https:\\\/\\\/www.mst-group.eu\\\/#organization\"},\"potentialAction\":[{\"@type\":\"SearchAction\",\"target\":{\"@type\":\"EntryPoint\",\"urlTemplate\":\"https:\\\/\\\/www.mst-group.eu\\\/?s={search_term_string}\"},\"query-input\":{\"@type\":\"PropertyValueSpecification\",\"valueRequired\":true,\"valueName\":\"search_term_string\"}}],\"inLanguage\":\"en-GB\"},{\"@type\":\"Organization\",\"@id\":\"https:\\\/\\\/www.mst-group.eu\\\/#organization\",\"name\":\"mst group\",\"url\":\"https:\\\/\\\/www.mst-group.eu\\\/\",\"logo\":{\"@type\":\"ImageObject\",\"inLanguage\":\"en-GB\",\"@id\":\"https:\\\/\\\/www.mst-group.eu\\\/#\\\/schema\\\/logo\\\/image\\\/\",\"url\":\"https:\\\/\\\/www.mst-group.eu\\\/wp-content\\\/uploads\\\/2021\\\/10\\\/mst-logo-big.png\",\"contentUrl\":\"https:\\\/\\\/www.mst-group.eu\\\/wp-content\\\/uploads\\\/2021\\\/10\\\/mst-logo-big.png\",\"width\":1200,\"height\":425,\"caption\":\"mst group\"},\"image\":{\"@id\":\"https:\\\/\\\/www.mst-group.eu\\\/#\\\/schema\\\/logo\\\/image\\\/\"},\"sameAs\":[\"https:\\\/\\\/www.linkedin.com\\\/company\\\/mst-group-gmbh\\\/\"]}]}<\/script>\n<!-- \/ Yoast SEO plugin. -->","yoast_head_json":{"title":"Impressum - mst group","robots":{"index":"index","follow":"follow","max-snippet":"max-snippet:-1","max-image-preview":"max-image-preview:large","max-video-preview":"max-video-preview:-1"},"canonical":"https:\/\/www.mst-group.eu\/en\/impressum\/","og_locale":"en_GB","og_type":"article","og_title":"Impressum - mst group","og_description":"mst group GmbH Am M\u00fcnchfeld 5980999 M\u00fcnchen Fon +49 (89) 550 514-50Fax +49 (89) 550 514-40 E-Mail:&nbsp;info@mst-group.eu Gesch\u00e4ftszeiten 9.00 Uhr - 17.00 Uhr Gesch\u00e4ftsf\u00fchrung Lena Jentsch, Devenderjit Chadha, Sailesh Lalla Ust-IDNr. DE 264 700 476 Steuernummer St.-Nr.: 143\/164\/60772 - Finanzamt M\u00fcnchen Handelsregistereintrag Registergericht M\u00fcnchen HRB 178978 Verantwortlich f\u00fcr die Inhalte Lena Jentsch Datenschutzbeauftragter Sebastian KraskaFon: [&hellip;]","og_url":"https:\/\/www.mst-group.eu\/en\/impressum\/","og_site_name":"mst group","article_modified_time":"2026-03-07T19:18:06+00:00","twitter_card":"summary_large_image","schema":{"@context":"https:\/\/schema.org","@graph":[{"@type":"WebPage","@id":"https:\/\/www.mst-group.eu\/impressum\/","url":"https:\/\/www.mst-group.eu\/impressum\/","name":"Impressum - mst group","isPartOf":{"@id":"https:\/\/www.mst-group.eu\/#website"},"datePublished":"2021-09-24T15:35:25+00:00","dateModified":"2026-03-07T19:18:06+00:00","breadcrumb":{"@id":"https:\/\/www.mst-group.eu\/impressum\/#breadcrumb"},"inLanguage":"en-GB","potentialAction":[{"@type":"ReadAction","target":["https:\/\/www.mst-group.eu\/impressum\/"]}]},{"@type":"BreadcrumbList","@id":"https:\/\/www.mst-group.eu\/impressum\/#breadcrumb","itemListElement":[{"@type":"ListItem","position":1,"name":"Startseite","item":"https:\/\/www.mst-group.eu\/"},{"@type":"ListItem","position":2,"name":"Impressum"}]},{"@type":"WebSite","@id":"https:\/\/www.mst-group.eu\/#website","url":"https:\/\/www.mst-group.eu\/","name":"mst group","description":"Ihre Agentur  f\u00fcr Weiterbildung. Wir koordinieren und  konzipieren Ihre Trainings,  Seminare und eLearnings.","publisher":{"@id":"https:\/\/www.mst-group.eu\/#organization"},"potentialAction":[{"@type":"SearchAction","target":{"@type":"EntryPoint","urlTemplate":"https:\/\/www.mst-group.eu\/?s={search_term_string}"},"query-input":{"@type":"PropertyValueSpecification","valueRequired":true,"valueName":"search_term_string"}}],"inLanguage":"en-GB"},{"@type":"Organization","@id":"https:\/\/www.mst-group.eu\/#organization","name":"mst group","url":"https:\/\/www.mst-group.eu\/","logo":{"@type":"ImageObject","inLanguage":"en-GB","@id":"https:\/\/www.mst-group.eu\/#\/schema\/logo\/image\/","url":"https:\/\/www.mst-group.eu\/wp-content\/uploads\/2021\/10\/mst-logo-big.png","contentUrl":"https:\/\/www.mst-group.eu\/wp-content\/uploads\/2021\/10\/mst-logo-big.png","width":1200,"height":425,"caption":"mst group"},"image":{"@id":"https:\/\/www.mst-group.eu\/#\/schema\/logo\/image\/"},"sameAs":["https:\/\/www.linkedin.com\/company\/mst-group-gmbh\/"]}]}},"_links":{"self":[{"href":"https:\/\/www.mst-group.eu\/en\/wp-json\/wp\/v2\/pages\/164","targetHints":{"allow":["GET"]}}],"collection":[{"href":"https:\/\/www.mst-group.eu\/en\/wp-json\/wp\/v2\/pages"}],"about":[{"href":"https:\/\/www.mst-group.eu\/en\/wp-json\/wp\/v2\/types\/page"}],"author":[{"embeddable":true,"href":"https:\/\/www.mst-group.eu\/en\/wp-json\/wp\/v2\/users\/1"}],"replies":[{"embeddable":true,"href":"https:\/\/www.mst-group.eu\/en\/wp-json\/wp\/v2\/comments?post=164"}],"version-history":[{"count":8,"href":"https:\/\/www.mst-group.eu\/en\/wp-json\/wp\/v2\/pages\/164\/revisions"}],"predecessor-version":[{"id":1314,"href":"https:\/\/www.mst-group.eu\/en\/wp-json\/wp\/v2\/pages\/164\/revisions\/1314"}],"wp:attachment":[{"href":"https:\/\/www.mst-group.eu\/en\/wp-json\/wp\/v2\/media?parent=164"}],"curies":[{"name":"wp","href":"https:\/\/api.w.org\/{rel}","templated":true}]}}